{"id":27,"date":"2024-07-24T12:35:54","date_gmt":"2024-07-24T10:35:54","guid":{"rendered":"https:\/\/reiki-libre.fr\/?page_id=27"},"modified":"2025-03-25T15:19:16","modified_gmt":"2025-03-25T14:19:16","slug":"notre-histoire","status":"publish","type":"page","link":"https:\/\/reiki-libre.fr\/index.php\/notre-histoire\/","title":{"rendered":"Mon histoire"},"content":{"rendered":"\n<p><strong><em>j\u2019ai longtemps travaill\u00e9 dans le monde de l&#8217;informatique, en privil\u00e9giant toujours la qualit\u00e9 des liens avec les autres personnes.<\/em><\/strong><\/p>\n\n\n\n<p><strong><em>Le COVID,&nbsp; la recherche \u00e0 marche forc\u00e9e de la performance, le t\u00e9l\u00e9travail \u00e0 raison de 4 jours par semaine, ont mis \u00e0 mal cette notion essentielle \u00e0 mes yeux, et je n\u2019ai plus ressenti que le manque de sens,&nbsp; le manque d\u2019humanit\u00e9 et d\u2019utilit\u00e9 de cette activit\u00e9 .<\/em><\/strong><\/p>\n\n\n\n<p><em style=\"font-weight: bold;\">j\u2019ai donc saisi l\u2019opportunit\u00e9 d\u2019un plan de d\u00e9part d\u2019entreprise, pour choisir enfin, en 2023, quelque chose qui m\u2019attire, qui m\u2019appelle<\/em>, <strong><em>et<\/em><\/strong>  <strong><em>j&#8217;ai eu la chance de me former au Reiki avec Fabienne Sire \u00e0 Belfort :<\/em><\/strong><\/p>\n\n\n\n<p><\/p>\n\n\n\n<ul class=\"wp-block-list\">\n<li><strong><em>1<sup>er<\/sup>&nbsp;degr\u00e9 de Reiki Usui en janvier 2024.<\/em><\/strong><\/li>\n<\/ul>\n\n\n\n<ul class=\"wp-block-list\">\n<li><strong><em>2<sup>\u00e8me<\/sup>&nbsp;degr\u00e9 en avril 2024.<\/em><\/strong><\/li>\n<\/ul>\n\n\n\n<ul class=\"wp-block-list\">\n<li><strong><em>3<sup>\u00e8me<\/sup>&nbsp;degr\u00e9 en octobre 2024.<\/em><\/strong><\/li>\n<\/ul>\n\n\n\n<ul class=\"wp-block-list\">\n<li><strong><em>Ma\u00eetrise  en janvier 2025.<\/em><\/strong>\n<ul class=\"wp-block-list\">\n<li><strong><em>Et enfin :<\/em><\/strong><\/li>\n<\/ul>\n<\/li>\n\n\n\n<li><strong><em>Karuna pr\u00e9vu en mai 2025.<\/em><\/strong><\/li>\n<\/ul>\n\n\n\n<p><\/p>\n\n\n\n<p><\/p>\n\n\n\n<p><\/p>\n\n\n\n<p><\/p>\n","protected":false},"excerpt":{"rendered":"<p>j\u2019ai longtemps travaill\u00e9 dans le monde de l&#8217;informatique, en privil\u00e9giant toujours la qualit\u00e9 des liens avec les autres personnes. Le COVID,&nbsp; la recherche \u00e0 marche forc\u00e9e de la performance, le t\u00e9l\u00e9travail \u00e0 raison de 4 jours par semaine, ont mis \u00e0 mal cette notion essentielle \u00e0 mes yeux, et je n\u2019ai plus ressenti que le &hellip; <\/p>\n","protected":false},"author":1,"featured_media":37,"parent":0,"menu_order":0,"comment_status":"closed","ping_status":"closed","template":"","meta":{"footnotes":""},"class_list":["post-27","page","type-page","status-publish","has-post-thumbnail","hentry"],"_links":{"self":[{"href":"https:\/\/reiki-libre.fr\/index.php\/wp-json\/wp\/v2\/pages\/27","targetHints":{"allow":["GET"]}}],"collection":[{"href":"https:\/\/reiki-libre.fr\/index.php\/wp-json\/wp\/v2\/pages"}],"about":[{"href":"https:\/\/reiki-libre.fr\/index.php\/wp-json\/wp\/v2\/types\/page"}],"author":[{"embeddable":true,"href":"https:\/\/reiki-libre.fr\/index.php\/wp-json\/wp\/v2\/users\/1"}],"replies":[{"embeddable":true,"href":"https:\/\/reiki-libre.fr\/index.php\/wp-json\/wp\/v2\/comments?post=27"}],"version-history":[{"count":8,"href":"https:\/\/reiki-libre.fr\/index.php\/wp-json\/wp\/v2\/pages\/27\/revisions"}],"predecessor-version":[{"id":88,"href":"https:\/\/reiki-libre.fr\/index.php\/wp-json\/wp\/v2\/pages\/27\/revisions\/88"}],"wp:featuredmedia":[{"embeddable":true,"href":"https:\/\/reiki-libre.fr\/index.php\/wp-json\/wp\/v2\/media\/37"}],"wp:attachment":[{"href":"https:\/\/reiki-libre.fr\/index.php\/wp-json\/wp\/v2\/media?parent=27"}],"curies":[{"name":"wp","href":"https:\/\/api.w.org\/{rel}","templated":true}]}}