{"id":24,"date":"2024-07-24T12:35:19","date_gmt":"2024-07-24T10:35:19","guid":{"rendered":"https:\/\/reiki-libre.fr\/?page_id=24"},"modified":"2024-11-17T18:48:01","modified_gmt":"2024-11-17T17:48:01","slug":"nos-services","status":"publish","type":"page","link":"https:\/\/reiki-libre.fr\/index.php\/nos-services\/","title":{"rendered":"Nos services"},"content":{"rendered":"\n<p>Le Reiki est une m\u00e9thode de gu\u00e9rison \u00e9nerg\u00e9tique qui repose sur l\u2019imposition des mains et l\u2019utilisation de l\u2019\u00e9nergie universelle pour harmoniser le corps et l\u2019esprit. Originaire du Japon, cette pratique a \u00e9t\u00e9 d\u00e9velopp\u00e9e par Mikao Usui au d\u00e9but du XXe si\u00e8cle et s\u2019appuie sur l\u2019\u00e9nergie vitale (ou \u00ab ki \u00bb) qui circule en chacun de nous et peut \u00eatre canalis\u00e9e pour stimuler le bien-\u00eatre physique, mental et \u00e9motionnel.<\/p>\n\n\n\n<h3 class=\"wp-block-heading\">Les principes du Reiki<\/h3>\n\n\n\n<p>Le Reiki repose sur cinq principes fondamentaux appel\u00e9s les &#8220;Gokai&#8221;, \u00e9nonc\u00e9s par Mikao Usui :<\/p>\n\n\n\n<ol class=\"wp-block-list\">\n<li><strong>Juste pour aujourd&#8217;hui, je ne m&#8217;inqui\u00e8te pas.<\/strong><\/li>\n\n\n\n<li><strong>Juste pour aujourd&#8217;hui, je ne me mets pas en col\u00e8re.<\/strong><\/li>\n\n\n\n<li><strong>Juste pour aujourd&#8217;hui, je travaille honn\u00eatement.<\/strong><\/li>\n\n\n\n<li><strong>Juste pour aujourd&#8217;hui, je suis reconnaissant.<\/strong><\/li>\n\n\n\n<li><strong>Juste pour aujourd&#8217;hui, je respecte la vie sous toutes ses formes.<\/strong><\/li>\n<\/ol>\n\n\n\n<p>Ces principes sont con\u00e7us pour aider les pratiquants \u00e0 cultiver un \u00e9tat d&#8217;esprit positif et une harmonie int\u00e9rieure.<\/p>\n\n\n\n<h3 class=\"wp-block-heading\">Comment se d\u00e9roule une s\u00e9ance de Reiki ?<\/h3>\n\n\n\n<p>Une s\u00e9ance de Reiki se fait g\u00e9n\u00e9ralement dans un environnement calme, propice \u00e0 la relaxation. La personne re\u00e7oit le traitement en position allong\u00e9e, habill\u00e9e, bien au chaud sous un plaid.<\/p>\n\n\n\n<p>Avec votre accord, je place mes mains sur diff\u00e9rentes parties du corps ou au-dessus de celles-ci, selon les zones n\u00e9cessitant un r\u00e9\u00e9quilibrage \u00e9nerg\u00e9tique. L\u2019objectif est de faire circuler l\u2019\u00e9nergie vitale \u00e0 travers le corps, afin de dissoudre les blocages et d\u2019apaiser les tensions.<\/p>\n\n\n\n<h3 class=\"wp-block-heading\">Les bienfaits du Reiki<\/h3>\n\n\n\n<p>Les effets du Reiki peuvent varier selon les individus, mais les bienfaits souvent mentionn\u00e9s incluent :<\/p>\n\n\n\n<ul class=\"wp-block-list\">\n<li>Une relaxation profonde et une r\u00e9duction du stress ;<\/li>\n\n\n\n<li>Un renforcement du syst\u00e8me immunitaire ;<\/li>\n\n\n\n<li>Une meilleure qualit\u00e9 de sommeil ;<\/li>\n\n\n\n<li>Une aide dans la gestion des \u00e9motions et des douleurs.<\/li>\n<\/ul>\n\n\n\n<p>Le Reiki est une pratique compl\u00e9mentaire qui peut accompagner d\u2019autres formes de soin. Elle est parfois utilis\u00e9e en h\u00f4pital ou dans des structures de bien-\u00eatre pour am\u00e9liorer la qualit\u00e9 de vie des patients.<\/p>\n\n\n\n<h3 class=\"wp-block-heading\">En r\u00e9sum\u00e9<\/h3>\n\n\n\n<p>Le Reiki est une m\u00e9thode de soin holistique qui, en plus de ses effets sur la relaxation, peut aider \u00e0 \u00e9quilibrer l\u2019\u00e9nergie de mani\u00e8re naturelle et \u00e0 d\u00e9velopper une conscience plus profonde de soi.<\/p>\n\n\n\n<p><\/p>\n","protected":false},"excerpt":{"rendered":"<p>Le Reiki est une m\u00e9thode de gu\u00e9rison \u00e9nerg\u00e9tique qui repose sur l\u2019imposition des mains et l\u2019utilisation de l\u2019\u00e9nergie universelle pour harmoniser le corps et l\u2019esprit. Originaire du Japon, cette pratique a \u00e9t\u00e9 d\u00e9velopp\u00e9e par Mikao Usui au d\u00e9but du XXe si\u00e8cle et s\u2019appuie sur l\u2019\u00e9nergie vitale (ou \u00ab ki \u00bb) qui circule en chacun de &hellip; <\/p>\n","protected":false},"author":1,"featured_media":0,"parent":0,"menu_order":0,"comment_status":"closed","ping_status":"closed","template":"","meta":{"footnotes":""},"class_list":["post-24","page","type-page","status-publish","hentry"],"_links":{"self":[{"href":"https:\/\/reiki-libre.fr\/index.php\/wp-json\/wp\/v2\/pages\/24","targetHints":{"allow":["GET"]}}],"collection":[{"href":"https:\/\/reiki-libre.fr\/index.php\/wp-json\/wp\/v2\/pages"}],"about":[{"href":"https:\/\/reiki-libre.fr\/index.php\/wp-json\/wp\/v2\/types\/page"}],"author":[{"embeddable":true,"href":"https:\/\/reiki-libre.fr\/index.php\/wp-json\/wp\/v2\/users\/1"}],"replies":[{"embeddable":true,"href":"https:\/\/reiki-libre.fr\/index.php\/wp-json\/wp\/v2\/comments?post=24"}],"version-history":[{"count":4,"href":"https:\/\/reiki-libre.fr\/index.php\/wp-json\/wp\/v2\/pages\/24\/revisions"}],"predecessor-version":[{"id":79,"href":"https:\/\/reiki-libre.fr\/index.php\/wp-json\/wp\/v2\/pages\/24\/revisions\/79"}],"wp:attachment":[{"href":"https:\/\/reiki-libre.fr\/index.php\/wp-json\/wp\/v2\/media?parent=24"}],"curies":[{"name":"wp","href":"https:\/\/api.w.org\/{rel}","templated":true}]}}